{"id":9,"date":"2026-01-28T12:26:25","date_gmt":"2026-01-28T12:26:25","guid":{"rendered":"http:\/\/scuzzcards.com\/?page_id=9"},"modified":"2026-02-11T10:44:10","modified_gmt":"2026-02-11T10:44:10","slug":"refund_returns","status":"publish","type":"page","link":"https:\/\/scuzzcards.com\/en\/refund_returns\/","title":{"rendered":"Pol\u00edtica de reembolsos y devoluciones"},"content":{"rendered":"<p style=\"font-style:normal;font-weight:700\">Pol\u00edtica de Devoluci\u00f3n de 14 D\u00edas<\/p>\n\n\n\n<p>Si han pasado 14 d\u00edas desde su compra, no podemos ofrecerle un reembolso completo o un cambio.<\/p>\n\n\n\n<p>Para poder devolver el art\u00edculo, este debe estar sin usar y en las mismas condiciones en que lo recibi\u00f3. Tambi\u00e9n debe estar en su embalaje original.<\/p>\n\n\n\n<p>Varios tipos de productos est\u00e1n exentos de devoluci\u00f3n. <\/p>\n\n\n\n<ul class=\"wp-block-list\">\n<li>Tarjeta regalo<\/li>\n\n\n\n<li>Mystery Boxes<\/li>\n<\/ul>\n\n\n\n<p>Para completar la devoluci\u00f3n, necesitamos un recibo o comprobante de compra.<\/p>\n\n\n\n<p>No enviar sin antes enviar toda la informaci\u00f3n al email correspondiente. <\/p>\n\n\n\n<h2 class=\"wp-block-heading\">Reembolsos<\/h2>\n\n\n\n<p>Una vez recibida e inspeccionada su devoluci\u00f3n, le enviaremos un correo electr\u00f3nico para notificarle que hemos recibido su art\u00edculo devuelto. Tambi\u00e9n le notificaremos si su reembolso ha sido aprobado o rechazado.<\/p>\n\n\n\n<p>Si es aprobado, se procesar\u00e1 su reembolso y se aplicar\u00e1 autom\u00e1ticamente un cr\u00e9dito a su tarjeta de cr\u00e9dito o m\u00e9todo de pago original, dentro de una cierta cantidad de d\u00edas.<\/p>\n\n\n\n<h3 class=\"wp-block-heading\">Reembolsos tard\u00edos o faltantes<\/h3>\n\n\n\n<p>Si a\u00fan no has recibido el reembolso, primero revisa nuevamente tu cuenta bancaria.<\/p>\n\n\n\n<p>Luego, comun\u00edquese con la compa\u00f1\u00eda de su tarjeta de cr\u00e9dito; puede tomar alg\u00fan tiempo antes de que su reembolso se publique oficialmente.<\/p>\n\n\n\n<p>A continuaci\u00f3n, contacta con tu banco. Suele haber un tiempo de procesamiento antes de que se publique el reembolso.<\/p>\n\n\n\n<p>Si ha hecho todo esto y a\u00fan no ha recibido su reembolso, comun\u00edquese con nosotros a {direcci\u00f3n de correo electr\u00f3nico}.<\/p>\n\n\n\n<h2 class=\"wp-block-heading\">Cambios<\/h2>\n\n\n\n<p>Solo reemplazamos art\u00edculos defectuosos o da\u00f1ados. Si necesita cambiarlo por el mismo art\u00edculo, env\u00edenos un correo electr\u00f3nico a {direcci\u00f3n de correo electr\u00f3nico} y env\u00ede su art\u00edculo a: {direcci\u00f3n f\u00edsica}<\/p>\n\n\n\n<h2 class=\"wp-block-heading\">Regalos<\/h2>\n\n\n\n<p>Si el art\u00edculo se marc\u00f3 como regalo al comprarlo y se envi\u00f3 directamente a usted, recibir\u00e1 un cr\u00e9dito de regalo por el valor de su devoluci\u00f3n. Una vez recibido el art\u00edculo devuelto, se le enviar\u00e1 un certificado de regalo por correo.<\/p>\n\n\n\n<p>Si el art\u00edculo no estaba marcado como regalo cuando se compr\u00f3, o si el donante hizo que le enviaran el pedido a s\u00ed mismo para entreg\u00e1rselo m\u00e1s tarde, le enviaremos un reembolso al donante y se enterar\u00e1 de su devoluci\u00f3n.<\/p>\n\n\n\n<h2 class=\"wp-block-heading\">Devoluciones de env\u00edos<\/h2>\n\n\n\n<p>Para devolver su producto, debe enviarlo por correo a: {direcci\u00f3n f\u00edsica}.<\/p>\n\n\n\n<p>Usted ser\u00e1 responsable de pagar los gastos de env\u00edo para la devoluci\u00f3n de su art\u00edculo. Los gastos de env\u00edo no son reembolsables. Si recibe un reembolso, el coste del env\u00edo de la devoluci\u00f3n se deducir\u00e1 de su reembolso.<\/p>\n\n\n\n<p>Dependiendo de d\u00f3nde vivas, el tiempo que puede tardar en llegarte el producto cambiado puede variar.<\/p>\n\n\n\n<p>Si devuelve art\u00edculos m\u00e1s caros, puede considerar usar un servicio de env\u00edo con seguimiento o contratar un seguro de env\u00edo. No garantizamos la recepci\u00f3n del art\u00edculo devuelto.<\/p>\n\n\n\n<h2 class=\"wp-block-heading\">\u00bfNecesitas ayuda?<\/h2>\n\n\n\n<p>Cont\u00e1ctenos a {email} para preguntas relacionadas con reembolsos y devoluciones<\/p>\n\n\n\n<p><\/p>","protected":false},"excerpt":{"rendered":"<p>Pol\u00edtica de Devoluci\u00f3n de 14 D\u00edas Si han pasado 14 d\u00edas desde su compra, no podemos ofrecerle un reembolso completo o un cambio. Para poder devolver el art\u00edculo, este debe estar sin usar y en las mismas condiciones en que lo recibi\u00f3. Tambi\u00e9n debe estar en su embalaje original. Varios tipos de productos est\u00e1n exentos [&hellip;]<\/p>\n","protected":false},"author":1,"featured_media":0,"parent":0,"menu_order":0,"comment_status":"closed","ping_status":"closed","template":"","meta":{"_uag_custom_page_level_css":"","site-sidebar-layout":"default","site-content-layout":"","ast-site-content-layout":"default","site-content-style":"default","site-sidebar-style":"default","ast-global-header-display":"","ast-banner-title-visibility":"","ast-main-header-display":"","ast-hfb-above-header-display":"","ast-hfb-below-header-display":"","ast-hfb-mobile-header-display":"","site-post-title":"","ast-breadcrumbs-content":"","ast-featured-img":"","footer-sml-layout":"","ast-disable-related-posts":"","theme-transparent-header-meta":"","adv-header-id-meta":"","stick-header-meta":"","header-above-stick-meta":"","header-main-stick-meta":"","header-below-stick-meta":"","astra-migrate-meta-layouts":"set","ast-page-background-enabled":"default","ast-page-background-meta":{"desktop":{"background-color":"var(--ast-global-color-4)","background-image":"","background-repeat":"repeat","background-position":"center center","background-size":"auto","background-attachment":"scroll","background-type":"","background-media":"","overlay-type":"","overlay-color":"","overlay-opacity":"","overlay-gradient":""},"tablet":{"background-color":"","background-image":"","background-repeat":"repeat","background-position":"center center","background-size":"auto","background-attachment":"scroll","background-type":"","background-media":"","overlay-type":"","overlay-color":"","overlay-opacity":"","overlay-gradient":""},"mobile":{"background-color":"","background-image":"","background-repeat":"repeat","background-position":"center center","background-size":"auto","background-attachment":"scroll","background-type":"","background-media":"","overlay-type":"","overlay-color":"","overlay-opacity":"","overlay-gradient":""}},"ast-content-background-meta":{"desktop":{"background-color":"var(--ast-global-color-5)","background-image":"","background-repeat":"repeat","background-position":"center center","background-size":"auto","background-attachment":"scroll","background-type":"","background-media":"","overlay-type":"","overlay-color":"","overlay-opacity":"","overlay-gradient":""},"tablet":{"background-color":"var(--ast-global-color-5)","background-image":"","background-repeat":"repeat","background-position":"center center","background-size":"auto","background-attachment":"scroll","background-type":"","background-media":"","overlay-type":"","overlay-color":"","overlay-opacity":"","overlay-gradient":""},"mobile":{"background-color":"var(--ast-global-color-5)","background-image":"","background-repeat":"repeat","background-position":"center center","background-size":"auto","background-attachment":"scroll","background-type":"","background-media":"","overlay-type":"","overlay-color":"","overlay-opacity":"","overlay-gradient":""}},"footnotes":""},"class_list":["post-9","page","type-page","status-publish","hentry"],"aioseo_notices":[],"_hostinger_reach_plugin_has_subscription_block":false,"_hostinger_reach_plugin_is_elementor":false,"uagb_featured_image_src":{"full":false,"thumbnail":false,"medium":false,"medium_large":false,"large":false,"1536x1536":false,"2048x2048":false,"trp-custom-language-flag":false,"menu-24x24":false,"menu-36x36":false,"menu-48x48":false,"woocommerce_thumbnail":false,"woocommerce_single":false,"woocommerce_gallery_thumbnail":false},"uagb_author_info":{"display_name":"trt trt","author_link":"https:\/\/scuzzcards.com\/en\/author\/scuzz-storegmail-com\/"},"uagb_comment_info":0,"uagb_excerpt":"Pol\u00edtica de Devoluci\u00f3n de 14 D\u00edas Si han pasado 14 d\u00edas desde su compra, no podemos ofrecerle un reembolso completo o un cambio. Para poder devolver el art\u00edculo, este debe estar sin usar y en las mismas condiciones en que lo recibi\u00f3. Tambi\u00e9n debe estar en su embalaje original. Varios tipos de productos est\u00e1n exentos&hellip;","_links":{"self":[{"href":"https:\/\/scuzzcards.com\/en\/wp-json\/wp\/v2\/pages\/9","targetHints":{"allow":["GET"]}}],"collection":[{"href":"https:\/\/scuzzcards.com\/en\/wp-json\/wp\/v2\/pages"}],"about":[{"href":"https:\/\/scuzzcards.com\/en\/wp-json\/wp\/v2\/types\/page"}],"author":[{"embeddable":true,"href":"https:\/\/scuzzcards.com\/en\/wp-json\/wp\/v2\/users\/1"}],"replies":[{"embeddable":true,"href":"https:\/\/scuzzcards.com\/en\/wp-json\/wp\/v2\/comments?post=9"}],"version-history":[{"count":5,"href":"https:\/\/scuzzcards.com\/en\/wp-json\/wp\/v2\/pages\/9\/revisions"}],"predecessor-version":[{"id":2020,"href":"https:\/\/scuzzcards.com\/en\/wp-json\/wp\/v2\/pages\/9\/revisions\/2020"}],"wp:attachment":[{"href":"https:\/\/scuzzcards.com\/en\/wp-json\/wp\/v2\/media?parent=9"}],"curies":[{"name":"wp","href":"https:\/\/api.w.org\/{rel}","templated":true}]}}