{"id":2540,"date":"2026-04-20T15:43:11","date_gmt":"2026-04-20T15:43:11","guid":{"rendered":"https:\/\/scuzzcards.com\/?post_type=product&#038;p=2540"},"modified":"2026-04-20T15:43:11","modified_gmt":"2026-04-20T15:43:11","slug":"eidur-gudjohnsen-94-99-ttf-legends-2024-2025","status":"publish","type":"product","link":"https:\/\/scuzzcards.com\/en\/product\/eidur-gudjohnsen-94-99-ttf-legends-2024-2025\/","title":{"rendered":"Ei\u00f0ur Gu\u00f0johnsen 94\/99 TTF LEGENDS 2024\/2025"},"content":{"rendered":"<p>Carta de Topps Total Football en su Metacrilato en perfecto estado, del jugador Ei\u00f0ur Gu\u00f0johnsen en el Barcelona en la temporada 2024\/2025 en su versi\u00f3n LEGENDS con la numeraci\u00f3n 94\/99.<\/p>","protected":false},"excerpt":{"rendered":"<p>Jugador:Ei\u00f0ur Gu\u00f0johnsen<br \/>\nClub:Barcelona<br \/>\nA\u00f1o: 2024\/2025<br \/>\nEdici\u00f3n:TOPPS TOTAL FOOTBALL<br \/>\nEspecial:LEGENDS<br \/>\nNumeraci\u00f3n:94\/99<\/p>","protected":false},"featured_media":2545,"comment_status":"open","ping_status":"closed","template":"","meta":{"_uag_custom_page_level_css":"","site-sidebar-layout":"default","site-content-layout":"","ast-site-content-layout":"default","site-content-style":"default","site-sidebar-style":"default","ast-global-header-display":"","ast-banner-title-visibility":"","ast-main-header-display":"","ast-hfb-above-header-display":"","ast-hfb-below-header-display":"","ast-hfb-mobile-header-display":"","site-post-title":"","ast-breadcrumbs-content":"","ast-featured-img":"","footer-sml-layout":"","ast-disable-related-posts":"","theme-transparent-header-meta":"default","adv-header-id-meta":"","stick-header-meta":"","header-above-stick-meta":"","header-main-stick-meta":"","header-below-stick-meta":"","astra-migrate-meta-layouts":"set","ast-page-background-enabled":"default","ast-page-background-meta":{"desktop":{"background-color":"var(--ast-global-color-4)","background-image":"","background-repeat":"repeat","background-position":"center center","background-size":"auto","background-attachment":"scroll","background-type":"","background-media":"","overlay-type":"","overlay-color":"","overlay-opacity":"","overlay-gradient":""},"tablet":{"background-color":"","background-image":"","background-repeat":"repeat","background-position":"center center","background-size":"auto","background-attachment":"scroll","background-type":"","background-media":"","overlay-type":"","overlay-color":"","overlay-opacity":"","overlay-gradient":""},"mobile":{"background-color":"","background-image":"","background-repeat":"repeat","background-position":"center center","background-size":"auto","background-attachment":"scroll","background-type":"","background-media":"","overlay-type":"","overlay-color":"","overlay-opacity":"","overlay-gradient":""}},"ast-content-background-meta":{"desktop":{"background-color":"var(--ast-global-color-5)","background-image":"","background-repeat":"repeat","background-position":"center center","background-size":"auto","background-attachment":"scroll","background-type":"","background-media":"","overlay-type":"","overlay-color":"","overlay-opacity":"","overlay-gradient":""},"tablet":{"background-color":"var(--ast-global-color-5)","background-image":"","background-repeat":"repeat","background-position":"center center","background-size":"auto","background-attachment":"scroll","background-type":"","background-media":"","overlay-type":"","overlay-color":"","overlay-opacity":"","overlay-gradient":""},"mobile":{"background-color":"var(--ast-global-color-5)","background-image":"","background-repeat":"repeat","background-position":"center center","background-size":"auto","background-attachment":"scroll","background-type":"","background-media":"","overlay-type":"","overlay-color":"","overlay-opacity":"","overlay-gradient":""}}},"product_brand":[],"product_cat":[84,15],"product_tag":[27,110,319,163],"class_list":{"0":"post-2540","1":"product","2":"type-product","3":"status-publish","4":"has-post-thumbnail","6":"product_cat-futbol","7":"product_cat-uncategorized","8":"product_tag-barcelona","9":"product_tag-futbol","10":"product_tag-la-liga","11":"product_tag-ttf","12":"product_shipping_class-envio-ordinario","13":"pa_proveedor-stockh","14":"desktop-align-left","15":"tablet-align-left","16":"mobile-align-left","18":"first","19":"instock","20":"shipping-taxable","21":"purchasable","22":"product-type-simple"},"uagb_featured_image_src":{"full":["https:\/\/scuzzcards.com\/wp-content\/uploads\/2026\/03\/f7fc69ab-892a-4bb2-b626-a2b535c164c8.jpg",1536,2048,false],"thumbnail":["https:\/\/scuzzcards.com\/wp-content\/uploads\/2026\/03\/f7fc69ab-892a-4bb2-b626-a2b535c164c8-150x150.jpg",150,150,true],"medium":["https:\/\/scuzzcards.com\/wp-content\/uploads\/2026\/03\/f7fc69ab-892a-4bb2-b626-a2b535c164c8-225x300.jpg",225,300,true],"medium_large":["https:\/\/scuzzcards.com\/wp-content\/uploads\/2026\/03\/f7fc69ab-892a-4bb2-b626-a2b535c164c8-768x1024.jpg",768,1024,true],"large":["https:\/\/scuzzcards.com\/wp-content\/uploads\/2026\/03\/f7fc69ab-892a-4bb2-b626-a2b535c164c8-768x1024.jpg",768,1024,true],"1536x1536":["https:\/\/scuzzcards.com\/wp-content\/uploads\/2026\/03\/f7fc69ab-892a-4bb2-b626-a2b535c164c8-1152x1536.jpg",1152,1536,true],"2048x2048":["https:\/\/scuzzcards.com\/wp-content\/uploads\/2026\/03\/f7fc69ab-892a-4bb2-b626-a2b535c164c8.jpg",1536,2048,false],"trp-custom-language-flag":["https:\/\/scuzzcards.com\/wp-content\/uploads\/2026\/03\/f7fc69ab-892a-4bb2-b626-a2b535c164c8-9x12.jpg",9,12,true],"menu-24x24":["https:\/\/scuzzcards.com\/wp-content\/uploads\/2026\/03\/f7fc69ab-892a-4bb2-b626-a2b535c164c8-18x24.jpg",18,24,true],"menu-36x36":["https:\/\/scuzzcards.com\/wp-content\/uploads\/2026\/03\/f7fc69ab-892a-4bb2-b626-a2b535c164c8-27x36.jpg",27,36,true],"menu-48x48":["https:\/\/scuzzcards.com\/wp-content\/uploads\/2026\/03\/f7fc69ab-892a-4bb2-b626-a2b535c164c8-36x48.jpg",36,48,true],"woocommerce_thumbnail":["https:\/\/scuzzcards.com\/wp-content\/uploads\/2026\/03\/f7fc69ab-892a-4bb2-b626-a2b535c164c8-300x300.jpg",300,300,true],"woocommerce_single":["https:\/\/scuzzcards.com\/wp-content\/uploads\/2026\/03\/f7fc69ab-892a-4bb2-b626-a2b535c164c8-600x800.jpg",600,800,true],"woocommerce_gallery_thumbnail":["https:\/\/scuzzcards.com\/wp-content\/uploads\/2026\/03\/f7fc69ab-892a-4bb2-b626-a2b535c164c8-100x100.jpg",100,100,true]},"uagb_author_info":{"display_name":"trt trt","author_link":"https:\/\/scuzzcards.com\/en\/author\/"},"uagb_comment_info":0,"uagb_excerpt":"Jugador:Ei\u00f0ur Gu\u00f0johnsen Club:Barcelona A\u00f1o: 2024\/2025 Edici\u00f3n:TOPPS TOTAL FOOTBALL Especial:LEGENDS Numeraci\u00f3n:94\/99","_links":{"self":[{"href":"https:\/\/scuzzcards.com\/en\/wp-json\/wp\/v2\/product\/2540","targetHints":{"allow":["GET"]}}],"collection":[{"href":"https:\/\/scuzzcards.com\/en\/wp-json\/wp\/v2\/product"}],"about":[{"href":"https:\/\/scuzzcards.com\/en\/wp-json\/wp\/v2\/types\/product"}],"replies":[{"embeddable":true,"href":"https:\/\/scuzzcards.com\/en\/wp-json\/wp\/v2\/comments?post=2540"}],"wp:featuredmedia":[{"embeddable":true,"href":"https:\/\/scuzzcards.com\/en\/wp-json\/wp\/v2\/media\/2545"}],"wp:attachment":[{"href":"https:\/\/scuzzcards.com\/en\/wp-json\/wp\/v2\/media?parent=2540"}],"wp:term":[{"taxonomy":"product_brand","embeddable":true,"href":"https:\/\/scuzzcards.com\/en\/wp-json\/wp\/v2\/product_brand?post=2540"},{"taxonomy":"product_cat","embeddable":true,"href":"https:\/\/scuzzcards.com\/en\/wp-json\/wp\/v2\/product_cat?post=2540"},{"taxonomy":"product_tag","embeddable":true,"href":"https:\/\/scuzzcards.com\/en\/wp-json\/wp\/v2\/product_tag?post=2540"}],"curies":[{"name":"wp","href":"https:\/\/api.w.org\/{rel}","templated":true}]}}