{"id":2546,"date":"2026-04-20T15:43:11","date_gmt":"2026-04-20T15:43:11","guid":{"rendered":"https:\/\/scuzzcards.com\/?post_type=product&#038;p=2546"},"modified":"2026-04-20T15:43:11","modified_gmt":"2026-04-20T15:43:11","slug":"mohamed-salah-topps-champions-league-2023-2024","status":"publish","type":"product","link":"https:\/\/scuzzcards.com\/en\/product\/mohamed-salah-topps-champions-league-2023-2024\/","title":{"rendered":"Mohamed Salah Topps Champions League 2023\/2024"},"content":{"rendered":"<p>Carta de Topps\u00a0 en su Metacrilato en perfecto estado, del jugador Mohamed Salah en el Liverpool en la temporada 2023\/2024 en su versi\u00f3n uefa europa league.<\/p>","protected":false},"excerpt":{"rendered":"<p>Jugador:Ei\u00f0ur Gu\u00f0johnsen<br \/>\nClub:Barcelona<br \/>\nA\u00f1o: 2024\/2025<br \/>\nEdici\u00f3n:TOPPS TOTAL FOOTBALL<br \/>\nEspecial:LEGENDS<br \/>\nNumeraci\u00f3n:94\/99<\/p>","protected":false},"featured_media":0,"comment_status":"open","ping_status":"closed","template":"","meta":{"_uag_custom_page_level_css":"","site-sidebar-layout":"default","site-content-layout":"","ast-site-content-layout":"default","site-content-style":"default","site-sidebar-style":"default","ast-global-header-display":"","ast-banner-title-visibility":"","ast-main-header-display":"","ast-hfb-above-header-display":"","ast-hfb-below-header-display":"","ast-hfb-mobile-header-display":"","site-post-title":"","ast-breadcrumbs-content":"","ast-featured-img":"","footer-sml-layout":"","ast-disable-related-posts":"","theme-transparent-header-meta":"default","adv-header-id-meta":"","stick-header-meta":"","header-above-stick-meta":"","header-main-stick-meta":"","header-below-stick-meta":"","astra-migrate-meta-layouts":"set","ast-page-background-enabled":"default","ast-page-background-meta":{"desktop":{"background-color":"var(--ast-global-color-4)","background-image":"","background-repeat":"repeat","background-position":"center center","background-size":"auto","background-attachment":"scroll","background-type":"","background-media":"","overlay-type":"","overlay-color":"","overlay-opacity":"","overlay-gradient":""},"tablet":{"background-color":"","background-image":"","background-repeat":"repeat","background-position":"center center","background-size":"auto","background-attachment":"scroll","background-type":"","background-media":"","overlay-type":"","overlay-color":"","overlay-opacity":"","overlay-gradient":""},"mobile":{"background-color":"","background-image":"","background-repeat":"repeat","background-position":"center center","background-size":"auto","background-attachment":"scroll","background-type":"","background-media":"","overlay-type":"","overlay-color":"","overlay-opacity":"","overlay-gradient":""}},"ast-content-background-meta":{"desktop":{"background-color":"var(--ast-global-color-5)","background-image":"","background-repeat":"repeat","background-position":"center center","background-size":"auto","background-attachment":"scroll","background-type":"","background-media":"","overlay-type":"","overlay-color":"","overlay-opacity":"","overlay-gradient":""},"tablet":{"background-color":"var(--ast-global-color-5)","background-image":"","background-repeat":"repeat","background-position":"center center","background-size":"auto","background-attachment":"scroll","background-type":"","background-media":"","overlay-type":"","overlay-color":"","overlay-opacity":"","overlay-gradient":""},"mobile":{"background-color":"var(--ast-global-color-5)","background-image":"","background-repeat":"repeat","background-position":"center center","background-size":"auto","background-attachment":"scroll","background-type":"","background-media":"","overlay-type":"","overlay-color":"","overlay-opacity":"","overlay-gradient":""}}},"product_brand":[],"product_cat":[84,15],"product_tag":[27,110,319,112],"class_list":{"0":"post-2546","1":"product","2":"type-product","3":"status-publish","5":"product_cat-futbol","6":"product_cat-uncategorized","7":"product_tag-barcelona","8":"product_tag-futbol","9":"product_tag-la-liga","10":"product_tag-tff","11":"product_shipping_class-envio-ordinario","12":"pa_proveedor-stockh","13":"desktop-align-left","14":"tablet-align-left","15":"mobile-align-left","17":"first","18":"instock","19":"shipping-taxable","20":"purchasable","21":"product-type-simple"},"uagb_featured_image_src":{"full":false,"thumbnail":false,"medium":false,"medium_large":false,"large":false,"1536x1536":false,"2048x2048":false,"trp-custom-language-flag":false,"menu-24x24":false,"menu-36x36":false,"menu-48x48":false,"woocommerce_thumbnail":false,"woocommerce_single":false,"woocommerce_gallery_thumbnail":false},"uagb_author_info":{"display_name":"trt trt","author_link":"https:\/\/scuzzcards.com\/en\/author\/"},"uagb_comment_info":0,"uagb_excerpt":"Jugador:Ei\u00f0ur Gu\u00f0johnsen Club:Barcelona A\u00f1o: 2024\/2025 Edici\u00f3n:TOPPS TOTAL FOOTBALL Especial:LEGENDS Numeraci\u00f3n:94\/99","_links":{"self":[{"href":"https:\/\/scuzzcards.com\/en\/wp-json\/wp\/v2\/product\/2546","targetHints":{"allow":["GET"]}}],"collection":[{"href":"https:\/\/scuzzcards.com\/en\/wp-json\/wp\/v2\/product"}],"about":[{"href":"https:\/\/scuzzcards.com\/en\/wp-json\/wp\/v2\/types\/product"}],"replies":[{"embeddable":true,"href":"https:\/\/scuzzcards.com\/en\/wp-json\/wp\/v2\/comments?post=2546"}],"wp:attachment":[{"href":"https:\/\/scuzzcards.com\/en\/wp-json\/wp\/v2\/media?parent=2546"}],"wp:term":[{"taxonomy":"product_brand","embeddable":true,"href":"https:\/\/scuzzcards.com\/en\/wp-json\/wp\/v2\/product_brand?post=2546"},{"taxonomy":"product_cat","embeddable":true,"href":"https:\/\/scuzzcards.com\/en\/wp-json\/wp\/v2\/product_cat?post=2546"},{"taxonomy":"product_tag","embeddable":true,"href":"https:\/\/scuzzcards.com\/en\/wp-json\/wp\/v2\/product_tag?post=2546"}],"curies":[{"name":"wp","href":"https:\/\/api.w.org\/{rel}","templated":true}]}}