{"id":2618,"date":"2026-04-20T15:43:10","date_gmt":"2026-04-20T15:43:10","guid":{"rendered":"https:\/\/scuzzcards.com\/?post_type=product&#038;p=2618"},"modified":"2026-04-20T15:43:11","modified_gmt":"2026-04-20T15:43:11","slug":"inaki-pena-rc-topps-team-set-2022-2023","status":"publish","type":"product","link":"https:\/\/scuzzcards.com\/en\/product\/inaki-pena-rc-topps-team-set-2022-2023\/","title":{"rendered":"I\u00d1AKI PE\u00d1A (RC) TOPPS TEAM SET 2022\/2023"},"content":{"rendered":"<p>Carta de Topps FC Barcelona Official Team Set en su Metacrilato en perfecto estado, del jugador I\u00f1aki Pe\u00f1a en el Barcelona en la temporada 2022\/2023 en su versi\u00f3n b\u00e1sica.<\/p>","protected":false},"excerpt":{"rendered":"<p>Jugador:I\u00f1aki Pe\u00f1a<br \/>Club:Barcelona<br \/>A\u00f1o: 2022\/2023<br \/>Edici\u00f3n:Topps FC Barcelona Official Team Set<\/p>","protected":false},"featured_media":2620,"comment_status":"open","ping_status":"closed","template":"","meta":{"_uag_custom_page_level_css":"","site-sidebar-layout":"default","site-content-layout":"","ast-site-content-layout":"default","site-content-style":"default","site-sidebar-style":"default","ast-global-header-display":"","ast-banner-title-visibility":"","ast-main-header-display":"","ast-hfb-above-header-display":"","ast-hfb-below-header-display":"","ast-hfb-mobile-header-display":"","site-post-title":"","ast-breadcrumbs-content":"","ast-featured-img":"","footer-sml-layout":"","ast-disable-related-posts":"","theme-transparent-header-meta":"default","adv-header-id-meta":"","stick-header-meta":"","header-above-stick-meta":"","header-main-stick-meta":"","header-below-stick-meta":"","astra-migrate-meta-layouts":"set","ast-page-background-enabled":"default","ast-page-background-meta":{"desktop":{"background-color":"var(--ast-global-color-4)","background-image":"","background-repeat":"repeat","background-position":"center center","background-size":"auto","background-attachment":"scroll","background-type":"","background-media":"","overlay-type":"","overlay-color":"","overlay-opacity":"","overlay-gradient":""},"tablet":{"background-color":"","background-image":"","background-repeat":"repeat","background-position":"center center","background-size":"auto","background-attachment":"scroll","background-type":"","background-media":"","overlay-type":"","overlay-color":"","overlay-opacity":"","overlay-gradient":""},"mobile":{"background-color":"","background-image":"","background-repeat":"repeat","background-position":"center center","background-size":"auto","background-attachment":"scroll","background-type":"","background-media":"","overlay-type":"","overlay-color":"","overlay-opacity":"","overlay-gradient":""}},"ast-content-background-meta":{"desktop":{"background-color":"var(--ast-global-color-5)","background-image":"","background-repeat":"repeat","background-position":"center center","background-size":"auto","background-attachment":"scroll","background-type":"","background-media":"","overlay-type":"","overlay-color":"","overlay-opacity":"","overlay-gradient":""},"tablet":{"background-color":"var(--ast-global-color-5)","background-image":"","background-repeat":"repeat","background-position":"center center","background-size":"auto","background-attachment":"scroll","background-type":"","background-media":"","overlay-type":"","overlay-color":"","overlay-opacity":"","overlay-gradient":""},"mobile":{"background-color":"var(--ast-global-color-5)","background-image":"","background-repeat":"repeat","background-position":"center center","background-size":"auto","background-attachment":"scroll","background-type":"","background-media":"","overlay-type":"","overlay-color":"","overlay-opacity":"","overlay-gradient":""}}},"product_brand":[],"product_cat":[84,15],"product_tag":[27,110,319,149,111],"class_list":{"0":"post-2618","1":"product","2":"type-product","3":"status-publish","4":"has-post-thumbnail","6":"product_cat-futbol","7":"product_cat-uncategorized","8":"product_tag-barcelona","9":"product_tag-futbol","10":"product_tag-la-liga","11":"product_tag-team-set","12":"product_tag-topps","13":"product_shipping_class-envio-ordinario","14":"pa_proveedor-stockh","15":"desktop-align-left","16":"tablet-align-left","17":"mobile-align-left","19":"first","20":"instock","21":"shipping-taxable","22":"purchasable","23":"product-type-simple"},"uagb_featured_image_src":{"full":["https:\/\/scuzzcards.com\/wp-content\/uploads\/2026\/03\/WhatsApp-Image-2026-03-02-at-12.41.23.jpeg",1536,2048,false],"thumbnail":["https:\/\/scuzzcards.com\/wp-content\/uploads\/2026\/03\/WhatsApp-Image-2026-03-02-at-12.41.23-150x150.jpeg",150,150,true],"medium":["https:\/\/scuzzcards.com\/wp-content\/uploads\/2026\/03\/WhatsApp-Image-2026-03-02-at-12.41.23-225x300.jpeg",225,300,true],"medium_large":["https:\/\/scuzzcards.com\/wp-content\/uploads\/2026\/03\/WhatsApp-Image-2026-03-02-at-12.41.23-768x1024.jpeg",768,1024,true],"large":["https:\/\/scuzzcards.com\/wp-content\/uploads\/2026\/03\/WhatsApp-Image-2026-03-02-at-12.41.23-768x1024.jpeg",768,1024,true],"1536x1536":["https:\/\/scuzzcards.com\/wp-content\/uploads\/2026\/03\/WhatsApp-Image-2026-03-02-at-12.41.23-1152x1536.jpeg",1152,1536,true],"2048x2048":["https:\/\/scuzzcards.com\/wp-content\/uploads\/2026\/03\/WhatsApp-Image-2026-03-02-at-12.41.23.jpeg",1536,2048,false],"trp-custom-language-flag":["https:\/\/scuzzcards.com\/wp-content\/uploads\/2026\/03\/WhatsApp-Image-2026-03-02-at-12.41.23-9x12.jpeg",9,12,true],"menu-24x24":["https:\/\/scuzzcards.com\/wp-content\/uploads\/2026\/03\/WhatsApp-Image-2026-03-02-at-12.41.23-18x24.jpeg",18,24,true],"menu-36x36":["https:\/\/scuzzcards.com\/wp-content\/uploads\/2026\/03\/WhatsApp-Image-2026-03-02-at-12.41.23-27x36.jpeg",27,36,true],"menu-48x48":["https:\/\/scuzzcards.com\/wp-content\/uploads\/2026\/03\/WhatsApp-Image-2026-03-02-at-12.41.23-36x48.jpeg",36,48,true],"woocommerce_thumbnail":["https:\/\/scuzzcards.com\/wp-content\/uploads\/2026\/03\/WhatsApp-Image-2026-03-02-at-12.41.23-300x300.jpeg",300,300,true],"woocommerce_single":["https:\/\/scuzzcards.com\/wp-content\/uploads\/2026\/03\/WhatsApp-Image-2026-03-02-at-12.41.23-600x800.jpeg",600,800,true],"woocommerce_gallery_thumbnail":["https:\/\/scuzzcards.com\/wp-content\/uploads\/2026\/03\/WhatsApp-Image-2026-03-02-at-12.41.23-100x100.jpeg",100,100,true]},"uagb_author_info":{"display_name":"trt trt","author_link":"https:\/\/scuzzcards.com\/en\/author\/"},"uagb_comment_info":0,"uagb_excerpt":"Jugador:I\u00f1aki Pe\u00f1aClub:BarcelonaA\u00f1o: 2022\/2023Edici\u00f3n:Topps FC Barcelona Official Team Set","_links":{"self":[{"href":"https:\/\/scuzzcards.com\/en\/wp-json\/wp\/v2\/product\/2618","targetHints":{"allow":["GET"]}}],"collection":[{"href":"https:\/\/scuzzcards.com\/en\/wp-json\/wp\/v2\/product"}],"about":[{"href":"https:\/\/scuzzcards.com\/en\/wp-json\/wp\/v2\/types\/product"}],"replies":[{"embeddable":true,"href":"https:\/\/scuzzcards.com\/en\/wp-json\/wp\/v2\/comments?post=2618"}],"wp:featuredmedia":[{"embeddable":true,"href":"https:\/\/scuzzcards.com\/en\/wp-json\/wp\/v2\/media\/2620"}],"wp:attachment":[{"href":"https:\/\/scuzzcards.com\/en\/wp-json\/wp\/v2\/media?parent=2618"}],"wp:term":[{"taxonomy":"product_brand","embeddable":true,"href":"https:\/\/scuzzcards.com\/en\/wp-json\/wp\/v2\/product_brand?post=2618"},{"taxonomy":"product_cat","embeddable":true,"href":"https:\/\/scuzzcards.com\/en\/wp-json\/wp\/v2\/product_cat?post=2618"},{"taxonomy":"product_tag","embeddable":true,"href":"https:\/\/scuzzcards.com\/en\/wp-json\/wp\/v2\/product_tag?post=2618"}],"curies":[{"name":"wp","href":"https:\/\/api.w.org\/{rel}","templated":true}]}}