{"id":3229,"date":"2026-03-17T11:07:40","date_gmt":"2026-03-17T11:07:40","guid":{"rendered":"https:\/\/scuzzcards.com\/?post_type=product&#038;p=3229"},"modified":"2026-04-17T10:38:58","modified_gmt":"2026-04-17T10:38:58","slug":"matheus-cunha-rc-base-panini-donruss-elite-la-liga-2021-2022","status":"publish","type":"product","link":"https:\/\/scuzzcards.com\/en\/product\/matheus-cunha-rc-base-panini-donruss-elite-la-liga-2021-2022\/","title":{"rendered":"MATHEUS CUNHA (RC) BASE PANINI DONRUSS ELITE LA LIGA 2021\/2022"},"content":{"rendered":"<p>Carta de Panini Donruss Elite La Liga en su Sleeve en perfecto estado, del jugador Matheus Cunha en el Atl\u00e9tico de Madrid en la temporada 2021\/2022 en su edici\u00f3n especial Base.<\/p>","protected":false},"excerpt":{"rendered":"<p>Jugador:Matheus Cunha<br \/>\nSelecci\u00f3n:Atl\u00e9tico de Madrid<br \/>\nA\u00f1o: 2021\/2022<br \/>\nEdici\u00f3n:Panini Donruss Elite La Liga<br \/>\nEspecial:Base.<\/p>","protected":false},"featured_media":3230,"comment_status":"open","ping_status":"closed","template":"","meta":{"_uag_custom_page_level_css":"","site-sidebar-layout":"default","site-content-layout":"","ast-site-content-layout":"default","site-content-style":"default","site-sidebar-style":"default","ast-global-header-display":"","ast-banner-title-visibility":"","ast-main-header-display":"","ast-hfb-above-header-display":"","ast-hfb-below-header-display":"","ast-hfb-mobile-header-display":"","site-post-title":"","ast-breadcrumbs-content":"","ast-featured-img":"","footer-sml-layout":"","ast-disable-related-posts":"","theme-transparent-header-meta":"default","adv-header-id-meta":"","stick-header-meta":"","header-above-stick-meta":"","header-main-stick-meta":"","header-below-stick-meta":"","astra-migrate-meta-layouts":"set","ast-page-background-enabled":"default","ast-page-background-meta":{"desktop":{"background-color":"var(--ast-global-color-4)","background-image":"","background-repeat":"repeat","background-position":"center center","background-size":"auto","background-attachment":"scroll","background-type":"","background-media":"","overlay-type":"","overlay-color":"","overlay-opacity":"","overlay-gradient":""},"tablet":{"background-color":"","background-image":"","background-repeat":"repeat","background-position":"center center","background-size":"auto","background-attachment":"scroll","background-type":"","background-media":"","overlay-type":"","overlay-color":"","overlay-opacity":"","overlay-gradient":""},"mobile":{"background-color":"","background-image":"","background-repeat":"repeat","background-position":"center center","background-size":"auto","background-attachment":"scroll","background-type":"","background-media":"","overlay-type":"","overlay-color":"","overlay-opacity":"","overlay-gradient":""}},"ast-content-background-meta":{"desktop":{"background-color":"var(--ast-global-color-5)","background-image":"","background-repeat":"repeat","background-position":"center center","background-size":"auto","background-attachment":"scroll","background-type":"","background-media":"","overlay-type":"","overlay-color":"","overlay-opacity":"","overlay-gradient":""},"tablet":{"background-color":"var(--ast-global-color-5)","background-image":"","background-repeat":"repeat","background-position":"center center","background-size":"auto","background-attachment":"scroll","background-type":"","background-media":"","overlay-type":"","overlay-color":"","overlay-opacity":"","overlay-gradient":""},"mobile":{"background-color":"var(--ast-global-color-5)","background-image":"","background-repeat":"repeat","background-position":"center center","background-size":"auto","background-attachment":"scroll","background-type":"","background-media":"","overlay-type":"","overlay-color":"","overlay-opacity":"","overlay-gradient":""}}},"product_brand":[],"product_cat":[84],"product_tag":[158,31,206],"class_list":{"0":"post-3229","1":"product","2":"type-product","3":"status-publish","4":"has-post-thumbnail","6":"product_cat-futbol","7":"product_tag-rc","8":"product_tag-atletico-de-madrid","9":"product_tag-panini-donruss-elite-la-liga","10":"product_shipping_class-envio-ordinario","11":"pa_proveedor-stockh","12":"desktop-align-left","13":"tablet-align-left","14":"mobile-align-left","16":"first","17":"instock","18":"shipping-taxable","19":"purchasable","20":"product-type-simple"},"aioseo_notices":[],"uagb_featured_image_src":{"full":["https:\/\/scuzzcards.com\/wp-content\/uploads\/2026\/03\/WhatsApp-Image-2026-03-02-at-11.59.03.jpeg",1472,2048,false],"thumbnail":["https:\/\/scuzzcards.com\/wp-content\/uploads\/2026\/03\/WhatsApp-Image-2026-03-02-at-11.59.03-150x150.jpeg",150,150,true],"medium":["https:\/\/scuzzcards.com\/wp-content\/uploads\/2026\/03\/WhatsApp-Image-2026-03-02-at-11.59.03-216x300.jpeg",216,300,true],"medium_large":["https:\/\/scuzzcards.com\/wp-content\/uploads\/2026\/03\/WhatsApp-Image-2026-03-02-at-11.59.03-768x1069.jpeg",768,1069,true],"large":["https:\/\/scuzzcards.com\/wp-content\/uploads\/2026\/03\/WhatsApp-Image-2026-03-02-at-11.59.03-736x1024.jpeg",736,1024,true],"1536x1536":["https:\/\/scuzzcards.com\/wp-content\/uploads\/2026\/03\/WhatsApp-Image-2026-03-02-at-11.59.03-1104x1536.jpeg",1104,1536,true],"2048x2048":["https:\/\/scuzzcards.com\/wp-content\/uploads\/2026\/03\/WhatsApp-Image-2026-03-02-at-11.59.03.jpeg",1472,2048,false],"trp-custom-language-flag":["https:\/\/scuzzcards.com\/wp-content\/uploads\/2026\/03\/WhatsApp-Image-2026-03-02-at-11.59.03-9x12.jpeg",9,12,true],"menu-24x24":["https:\/\/scuzzcards.com\/wp-content\/uploads\/2026\/03\/WhatsApp-Image-2026-03-02-at-11.59.03-17x24.jpeg",17,24,true],"menu-36x36":["https:\/\/scuzzcards.com\/wp-content\/uploads\/2026\/03\/WhatsApp-Image-2026-03-02-at-11.59.03-26x36.jpeg",26,36,true],"menu-48x48":["https:\/\/scuzzcards.com\/wp-content\/uploads\/2026\/03\/WhatsApp-Image-2026-03-02-at-11.59.03-35x48.jpeg",35,48,true],"woocommerce_thumbnail":["https:\/\/scuzzcards.com\/wp-content\/uploads\/2026\/03\/WhatsApp-Image-2026-03-02-at-11.59.03-300x300.jpeg",300,300,true],"woocommerce_single":["https:\/\/scuzzcards.com\/wp-content\/uploads\/2026\/03\/WhatsApp-Image-2026-03-02-at-11.59.03-600x835.jpeg",600,835,true],"woocommerce_gallery_thumbnail":["https:\/\/scuzzcards.com\/wp-content\/uploads\/2026\/03\/WhatsApp-Image-2026-03-02-at-11.59.03-100x100.jpeg",100,100,true]},"uagb_author_info":{"display_name":"trt trt","author_link":"https:\/\/scuzzcards.com\/en\/author\/"},"uagb_comment_info":0,"uagb_excerpt":"Jugador:Matheus Cunha Selecci\u00f3n:Atl\u00e9tico de Madrid A\u00f1o: 2021\/2022 Edici\u00f3n:Panini Donruss Elite La Liga Especial:Base.","_links":{"self":[{"href":"https:\/\/scuzzcards.com\/en\/wp-json\/wp\/v2\/product\/3229","targetHints":{"allow":["GET"]}}],"collection":[{"href":"https:\/\/scuzzcards.com\/en\/wp-json\/wp\/v2\/product"}],"about":[{"href":"https:\/\/scuzzcards.com\/en\/wp-json\/wp\/v2\/types\/product"}],"replies":[{"embeddable":true,"href":"https:\/\/scuzzcards.com\/en\/wp-json\/wp\/v2\/comments?post=3229"}],"wp:featuredmedia":[{"embeddable":true,"href":"https:\/\/scuzzcards.com\/en\/wp-json\/wp\/v2\/media\/3230"}],"wp:attachment":[{"href":"https:\/\/scuzzcards.com\/en\/wp-json\/wp\/v2\/media?parent=3229"}],"wp:term":[{"taxonomy":"product_brand","embeddable":true,"href":"https:\/\/scuzzcards.com\/en\/wp-json\/wp\/v2\/product_brand?post=3229"},{"taxonomy":"product_cat","embeddable":true,"href":"https:\/\/scuzzcards.com\/en\/wp-json\/wp\/v2\/product_cat?post=3229"},{"taxonomy":"product_tag","embeddable":true,"href":"https:\/\/scuzzcards.com\/en\/wp-json\/wp\/v2\/product_tag?post=3229"}],"curies":[{"name":"wp","href":"https:\/\/api.w.org\/{rel}","templated":true}]}}