{"id":3488,"date":"2026-03-20T23:45:08","date_gmt":"2026-03-20T23:45:08","guid":{"rendered":"https:\/\/scuzzcards.com\/?post_type=product&#038;p=3488"},"modified":"2026-04-06T11:37:32","modified_gmt":"2026-04-06T11:37:32","slug":"alvaro-morata-base-prizm-panini-select-2017-2018","status":"publish","type":"product","link":"https:\/\/scuzzcards.com\/en\/product\/alvaro-morata-base-prizm-panini-select-2017-2018\/","title":{"rendered":"\u00c1LVARO MORATA BASE PRIZM PANINI SELECT 2017\/2018"},"content":{"rendered":"<p>Carta de Panini Select en su TopLoader en perfecto estado, del jugador \u00c1lvaro Morata en Espa\u00f1a en la temporada 2024\/2025 en su versi\u00f3n Base.<\/p>","protected":false},"excerpt":{"rendered":"<p>Carta de Panini Select en su TopLoader en perfecto estado, del jugador \u00c1lvaro Morata en Espa\u00f1a en la temporada 2024\/2025 en su versi\u00f3n Base.<br \/>\nJugador:\u00c1lvaro Morata<br \/>\nSelecci\u00f3n:Espa\u00f1a<br \/>\nA\u00f1o: 2024\/2025<br \/>\nEdici\u00f3n:PANINI SELECT LA LIGA<br \/>\nEspecial:Base<\/p>","protected":false},"featured_media":3489,"comment_status":"open","ping_status":"closed","template":"","meta":{"_uag_custom_page_level_css":"","site-sidebar-layout":"default","site-content-layout":"","ast-site-content-layout":"default","site-content-style":"default","site-sidebar-style":"default","ast-global-header-display":"","ast-banner-title-visibility":"","ast-main-header-display":"","ast-hfb-above-header-display":"","ast-hfb-below-header-display":"","ast-hfb-mobile-header-display":"","site-post-title":"","ast-breadcrumbs-content":"","ast-featured-img":"","footer-sml-layout":"","ast-disable-related-posts":"","theme-transparent-header-meta":"default","adv-header-id-meta":"","stick-header-meta":"","header-above-stick-meta":"","header-main-stick-meta":"","header-below-stick-meta":"","astra-migrate-meta-layouts":"set","ast-page-background-enabled":"default","ast-page-background-meta":{"desktop":{"background-color":"var(--ast-global-color-4)","background-image":"","background-repeat":"repeat","background-position":"center center","background-size":"auto","background-attachment":"scroll","background-type":"","background-media":"","overlay-type":"","overlay-color":"","overlay-opacity":"","overlay-gradient":""},"tablet":{"background-color":"","background-image":"","background-repeat":"repeat","background-position":"center center","background-size":"auto","background-attachment":"scroll","background-type":"","background-media":"","overlay-type":"","overlay-color":"","overlay-opacity":"","overlay-gradient":""},"mobile":{"background-color":"","background-image":"","background-repeat":"repeat","background-position":"center center","background-size":"auto","background-attachment":"scroll","background-type":"","background-media":"","overlay-type":"","overlay-color":"","overlay-opacity":"","overlay-gradient":""}},"ast-content-background-meta":{"desktop":{"background-color":"var(--ast-global-color-5)","background-image":"","background-repeat":"repeat","background-position":"center center","background-size":"auto","background-attachment":"scroll","background-type":"","background-media":"","overlay-type":"","overlay-color":"","overlay-opacity":"","overlay-gradient":""},"tablet":{"background-color":"var(--ast-global-color-5)","background-image":"","background-repeat":"repeat","background-position":"center center","background-size":"auto","background-attachment":"scroll","background-type":"","background-media":"","overlay-type":"","overlay-color":"","overlay-opacity":"","overlay-gradient":""},"mobile":{"background-color":"var(--ast-global-color-5)","background-image":"","background-repeat":"repeat","background-position":"center center","background-size":"auto","background-attachment":"scroll","background-type":"","background-media":"","overlay-type":"","overlay-color":"","overlay-opacity":"","overlay-gradient":""}}},"product_brand":[],"product_cat":[84],"product_tag":[201,110,143,144],"class_list":{"0":"post-3488","1":"product","2":"type-product","3":"status-publish","4":"has-post-thumbnail","6":"product_cat-futbol","7":"product_tag-espana","8":"product_tag-futbol","9":"product_tag-panini","10":"product_tag-select","11":"product_shipping_class-envio-ordinario","12":"pa_proveedor-stockh","13":"desktop-align-left","14":"tablet-align-left","15":"mobile-align-left","17":"first","18":"instock","19":"shipping-taxable","20":"purchasable","21":"product-type-simple"},"aioseo_notices":[],"uagb_featured_image_src":{"full":["https:\/\/scuzzcards.com\/wp-content\/uploads\/2026\/03\/WhatsApp-Image-2026-02-27-at-12.26.57.jpeg",1536,2048,false],"thumbnail":["https:\/\/scuzzcards.com\/wp-content\/uploads\/2026\/03\/WhatsApp-Image-2026-02-27-at-12.26.57-150x150.jpeg",150,150,true],"medium":["https:\/\/scuzzcards.com\/wp-content\/uploads\/2026\/03\/WhatsApp-Image-2026-02-27-at-12.26.57-225x300.jpeg",225,300,true],"medium_large":["https:\/\/scuzzcards.com\/wp-content\/uploads\/2026\/03\/WhatsApp-Image-2026-02-27-at-12.26.57-768x1024.jpeg",768,1024,true],"large":["https:\/\/scuzzcards.com\/wp-content\/uploads\/2026\/03\/WhatsApp-Image-2026-02-27-at-12.26.57-768x1024.jpeg",768,1024,true],"1536x1536":["https:\/\/scuzzcards.com\/wp-content\/uploads\/2026\/03\/WhatsApp-Image-2026-02-27-at-12.26.57-1152x1536.jpeg",1152,1536,true],"2048x2048":["https:\/\/scuzzcards.com\/wp-content\/uploads\/2026\/03\/WhatsApp-Image-2026-02-27-at-12.26.57.jpeg",1536,2048,false],"trp-custom-language-flag":["https:\/\/scuzzcards.com\/wp-content\/uploads\/2026\/03\/WhatsApp-Image-2026-02-27-at-12.26.57-9x12.jpeg",9,12,true],"menu-24x24":["https:\/\/scuzzcards.com\/wp-content\/uploads\/2026\/03\/WhatsApp-Image-2026-02-27-at-12.26.57-18x24.jpeg",18,24,true],"menu-36x36":["https:\/\/scuzzcards.com\/wp-content\/uploads\/2026\/03\/WhatsApp-Image-2026-02-27-at-12.26.57-27x36.jpeg",27,36,true],"menu-48x48":["https:\/\/scuzzcards.com\/wp-content\/uploads\/2026\/03\/WhatsApp-Image-2026-02-27-at-12.26.57-36x48.jpeg",36,48,true],"woocommerce_thumbnail":["https:\/\/scuzzcards.com\/wp-content\/uploads\/2026\/03\/WhatsApp-Image-2026-02-27-at-12.26.57-300x300.jpeg",300,300,true],"woocommerce_single":["https:\/\/scuzzcards.com\/wp-content\/uploads\/2026\/03\/WhatsApp-Image-2026-02-27-at-12.26.57-600x800.jpeg",600,800,true],"woocommerce_gallery_thumbnail":["https:\/\/scuzzcards.com\/wp-content\/uploads\/2026\/03\/WhatsApp-Image-2026-02-27-at-12.26.57-100x100.jpeg",100,100,true]},"uagb_author_info":{"display_name":"trt trt","author_link":"https:\/\/scuzzcards.com\/en\/author\/"},"uagb_comment_info":0,"uagb_excerpt":"Carta de Panini Select en su TopLoader en perfecto estado, del jugador \u00c1lvaro Morata en Espa\u00f1a en la temporada 2024\/2025 en su versi\u00f3n Base. Jugador:\u00c1lvaro Morata Selecci\u00f3n:Espa\u00f1a A\u00f1o: 2024\/2025 Edici\u00f3n:PANINI SELECT LA LIGA Especial:Base","_links":{"self":[{"href":"https:\/\/scuzzcards.com\/en\/wp-json\/wp\/v2\/product\/3488","targetHints":{"allow":["GET"]}}],"collection":[{"href":"https:\/\/scuzzcards.com\/en\/wp-json\/wp\/v2\/product"}],"about":[{"href":"https:\/\/scuzzcards.com\/en\/wp-json\/wp\/v2\/types\/product"}],"replies":[{"embeddable":true,"href":"https:\/\/scuzzcards.com\/en\/wp-json\/wp\/v2\/comments?post=3488"}],"wp:featuredmedia":[{"embeddable":true,"href":"https:\/\/scuzzcards.com\/en\/wp-json\/wp\/v2\/media\/3489"}],"wp:attachment":[{"href":"https:\/\/scuzzcards.com\/en\/wp-json\/wp\/v2\/media?parent=3488"}],"wp:term":[{"taxonomy":"product_brand","embeddable":true,"href":"https:\/\/scuzzcards.com\/en\/wp-json\/wp\/v2\/product_brand?post=3488"},{"taxonomy":"product_cat","embeddable":true,"href":"https:\/\/scuzzcards.com\/en\/wp-json\/wp\/v2\/product_cat?post=3488"},{"taxonomy":"product_tag","embeddable":true,"href":"https:\/\/scuzzcards.com\/en\/wp-json\/wp\/v2\/product_tag?post=3488"}],"curies":[{"name":"wp","href":"https:\/\/api.w.org\/{rel}","templated":true}]}}