{"id":3498,"date":"2026-03-20T23:59:22","date_gmt":"2026-03-20T23:59:22","guid":{"rendered":"https:\/\/scuzzcards.com\/?post_type=product&#038;p=3498"},"modified":"2026-04-03T10:05:36","modified_gmt":"2026-04-03T10:05:36","slug":"jose-maria-gimenez-16-25-fluorescent-orange-mosaic-prizm-panini-mosaic-la-liga-2021-2022","status":"publish","type":"product","link":"https:\/\/scuzzcards.com\/en\/product\/jose-maria-gimenez-16-25-fluorescent-orange-mosaic-prizm-panini-mosaic-la-liga-2021-2022\/","title":{"rendered":"JOS\u00c9 MAR\u00cdA GIM\u00c9NEZ 16\/25 FLUORESCENT ORANGE MOSAIC PRIZM PANINI MOSAIC LA LIGA 2021\/2022"},"content":{"rendered":"<p>Carta de Panini Mosaic La Liga en su Sleeve en perfecto estado, del jugador Jos\u00e9 Mar\u00eda Gim\u00e9nez en el Atl\u00e9tico de Madrid en la temporada 2021\/2022 en su versi\u00f3n Fluorescent Orange Mosaic Prizm con su numeraci\u00f3n 16\/25.<\/p>","protected":false},"excerpt":{"rendered":"<p>Carta de Panini Mosaic La Liga en su Sleeve en perfecto estado, del jugador Jos\u00e9 Mar\u00eda Gim\u00e9nez en el Atl\u00e9tico de Madrid en la temporada 2021\/2022 en su versi\u00f3n Fluorescent Orange Mosaic Prizm con su numeraci\u00f3n 16\/25.<br \/>\nJugador:Jos\u00e9 Mar\u00eda Gim\u00e9nez<br \/>\nClub:Atl\u00e9tico de Madrid<br \/>\nA\u00f1o: 2021\/2022<br \/>\nEdici\u00f3n:Panini Mosaic La Liga<br \/>\nEspecial:Fluorescent Orange Mosaic Prizm<br \/>\nNumeraci\u00f3n:16\/25<\/p>","protected":false},"featured_media":3499,"comment_status":"open","ping_status":"closed","template":"","meta":{"_uag_custom_page_level_css":"","site-sidebar-layout":"default","site-content-layout":"","ast-site-content-layout":"default","site-content-style":"default","site-sidebar-style":"default","ast-global-header-display":"","ast-banner-title-visibility":"","ast-main-header-display":"","ast-hfb-above-header-display":"","ast-hfb-below-header-display":"","ast-hfb-mobile-header-display":"","site-post-title":"","ast-breadcrumbs-content":"","ast-featured-img":"","footer-sml-layout":"","ast-disable-related-posts":"","theme-transparent-header-meta":"default","adv-header-id-meta":"","stick-header-meta":"","header-above-stick-meta":"","header-main-stick-meta":"","header-below-stick-meta":"","astra-migrate-meta-layouts":"set","ast-page-background-enabled":"default","ast-page-background-meta":{"desktop":{"background-color":"var(--ast-global-color-4)","background-image":"","background-repeat":"repeat","background-position":"center center","background-size":"auto","background-attachment":"scroll","background-type":"","background-media":"","overlay-type":"","overlay-color":"","overlay-opacity":"","overlay-gradient":""},"tablet":{"background-color":"","background-image":"","background-repeat":"repeat","background-position":"center center","background-size":"auto","background-attachment":"scroll","background-type":"","background-media":"","overlay-type":"","overlay-color":"","overlay-opacity":"","overlay-gradient":""},"mobile":{"background-color":"","background-image":"","background-repeat":"repeat","background-position":"center center","background-size":"auto","background-attachment":"scroll","background-type":"","background-media":"","overlay-type":"","overlay-color":"","overlay-opacity":"","overlay-gradient":""}},"ast-content-background-meta":{"desktop":{"background-color":"var(--ast-global-color-5)","background-image":"","background-repeat":"repeat","background-position":"center center","background-size":"auto","background-attachment":"scroll","background-type":"","background-media":"","overlay-type":"","overlay-color":"","overlay-opacity":"","overlay-gradient":""},"tablet":{"background-color":"var(--ast-global-color-5)","background-image":"","background-repeat":"repeat","background-position":"center center","background-size":"auto","background-attachment":"scroll","background-type":"","background-media":"","overlay-type":"","overlay-color":"","overlay-opacity":"","overlay-gradient":""},"mobile":{"background-color":"var(--ast-global-color-5)","background-image":"","background-repeat":"repeat","background-position":"center center","background-size":"auto","background-attachment":"scroll","background-type":"","background-media":"","overlay-type":"","overlay-color":"","overlay-opacity":"","overlay-gradient":""}}},"product_brand":[],"product_cat":[15],"product_tag":[31,110,143,222],"class_list":{"0":"post-3498","1":"product","2":"type-product","3":"status-publish","4":"has-post-thumbnail","6":"product_cat-uncategorized","7":"product_tag-atletico-de-madrid","8":"product_tag-futbol","9":"product_tag-panini","10":"product_tag-panini-mosaic-la-liga","11":"product_shipping_class-envio-ordinario","12":"pa_proveedor-stockh","13":"desktop-align-left","14":"tablet-align-left","15":"mobile-align-left","17":"first","18":"instock","19":"shipping-taxable","20":"purchasable","21":"product-type-simple"},"aioseo_notices":[],"uagb_featured_image_src":{"full":["https:\/\/scuzzcards.com\/wp-content\/uploads\/2026\/03\/WhatsApp-Image-2026-02-27-at-12.25.21.jpeg",1536,2048,false],"thumbnail":["https:\/\/scuzzcards.com\/wp-content\/uploads\/2026\/03\/WhatsApp-Image-2026-02-27-at-12.25.21-150x150.jpeg",150,150,true],"medium":["https:\/\/scuzzcards.com\/wp-content\/uploads\/2026\/03\/WhatsApp-Image-2026-02-27-at-12.25.21-225x300.jpeg",225,300,true],"medium_large":["https:\/\/scuzzcards.com\/wp-content\/uploads\/2026\/03\/WhatsApp-Image-2026-02-27-at-12.25.21-768x1024.jpeg",768,1024,true],"large":["https:\/\/scuzzcards.com\/wp-content\/uploads\/2026\/03\/WhatsApp-Image-2026-02-27-at-12.25.21-768x1024.jpeg",768,1024,true],"1536x1536":["https:\/\/scuzzcards.com\/wp-content\/uploads\/2026\/03\/WhatsApp-Image-2026-02-27-at-12.25.21-1152x1536.jpeg",1152,1536,true],"2048x2048":["https:\/\/scuzzcards.com\/wp-content\/uploads\/2026\/03\/WhatsApp-Image-2026-02-27-at-12.25.21.jpeg",1536,2048,false],"trp-custom-language-flag":["https:\/\/scuzzcards.com\/wp-content\/uploads\/2026\/03\/WhatsApp-Image-2026-02-27-at-12.25.21-9x12.jpeg",9,12,true],"menu-24x24":["https:\/\/scuzzcards.com\/wp-content\/uploads\/2026\/03\/WhatsApp-Image-2026-02-27-at-12.25.21-18x24.jpeg",18,24,true],"menu-36x36":["https:\/\/scuzzcards.com\/wp-content\/uploads\/2026\/03\/WhatsApp-Image-2026-02-27-at-12.25.21-27x36.jpeg",27,36,true],"menu-48x48":["https:\/\/scuzzcards.com\/wp-content\/uploads\/2026\/03\/WhatsApp-Image-2026-02-27-at-12.25.21-36x48.jpeg",36,48,true],"woocommerce_thumbnail":["https:\/\/scuzzcards.com\/wp-content\/uploads\/2026\/03\/WhatsApp-Image-2026-02-27-at-12.25.21-300x300.jpeg",300,300,true],"woocommerce_single":["https:\/\/scuzzcards.com\/wp-content\/uploads\/2026\/03\/WhatsApp-Image-2026-02-27-at-12.25.21-600x800.jpeg",600,800,true],"woocommerce_gallery_thumbnail":["https:\/\/scuzzcards.com\/wp-content\/uploads\/2026\/03\/WhatsApp-Image-2026-02-27-at-12.25.21-100x100.jpeg",100,100,true]},"uagb_author_info":{"display_name":"trt trt","author_link":"https:\/\/scuzzcards.com\/en\/author\/"},"uagb_comment_info":0,"uagb_excerpt":"Carta de Panini Mosaic La Liga en su Sleeve en perfecto estado, del jugador Jos\u00e9 Mar\u00eda Gim\u00e9nez en el Atl\u00e9tico de Madrid en la temporada 2021\/2022 en su versi\u00f3n Fluorescent Orange Mosaic Prizm con su numeraci\u00f3n 16\/25. Jugador:Jos\u00e9 Mar\u00eda Gim\u00e9nez Club:Atl\u00e9tico de Madrid A\u00f1o: 2021\/2022 Edici\u00f3n:Panini Mosaic La Liga Especial:Fluorescent Orange Mosaic Prizm Numeraci\u00f3n:16\/25","_links":{"self":[{"href":"https:\/\/scuzzcards.com\/en\/wp-json\/wp\/v2\/product\/3498","targetHints":{"allow":["GET"]}}],"collection":[{"href":"https:\/\/scuzzcards.com\/en\/wp-json\/wp\/v2\/product"}],"about":[{"href":"https:\/\/scuzzcards.com\/en\/wp-json\/wp\/v2\/types\/product"}],"replies":[{"embeddable":true,"href":"https:\/\/scuzzcards.com\/en\/wp-json\/wp\/v2\/comments?post=3498"}],"wp:featuredmedia":[{"embeddable":true,"href":"https:\/\/scuzzcards.com\/en\/wp-json\/wp\/v2\/media\/3499"}],"wp:attachment":[{"href":"https:\/\/scuzzcards.com\/en\/wp-json\/wp\/v2\/media?parent=3498"}],"wp:term":[{"taxonomy":"product_brand","embeddable":true,"href":"https:\/\/scuzzcards.com\/en\/wp-json\/wp\/v2\/product_brand?post=3498"},{"taxonomy":"product_cat","embeddable":true,"href":"https:\/\/scuzzcards.com\/en\/wp-json\/wp\/v2\/product_cat?post=3498"},{"taxonomy":"product_tag","embeddable":true,"href":"https:\/\/scuzzcards.com\/en\/wp-json\/wp\/v2\/product_tag?post=3498"}],"curies":[{"name":"wp","href":"https:\/\/api.w.org\/{rel}","templated":true}]}}