{"id":3517,"date":"2026-03-21T00:14:48","date_gmt":"2026-03-21T00:14:48","guid":{"rendered":"https:\/\/scuzzcards.com\/?post_type=product&#038;p=3517"},"modified":"2026-04-07T11:41:11","modified_gmt":"2026-04-07T11:41:11","slug":"marcus-thuram-8-25-ttf-box-office-2024-2025","status":"publish","type":"product","link":"https:\/\/scuzzcards.com\/en\/product\/marcus-thuram-8-25-ttf-box-office-2024-2025\/","title":{"rendered":"MARCUS THURAM 8\/25 TTF BOX OFFICE 2024\/2025"},"content":{"rendered":"<p>Carta de Topps Total Football en su metacrilato en perfecto estado, del jugador Marcus Thuram en el Inter de Mil\u00e1n en la temporada 2024\/2025, solamente numerada a 8\/25 en su edici\u00f3n Box Office.<\/p>\n<p>&nbsp;<\/p>","protected":false},"excerpt":{"rendered":"<p>Carta de Topps Total Football en su metacrilato en perfecto estado, del jugador Marcus Thuram en el Inter de Mil\u00e1n en la temporada 2024\/2025, solamente numerada a 8\/25 en su edici\u00f3n Box Office.<br \/>\nJugador:Marcus Thuram<br \/>\nClub:Inter de Mil\u00e1n<br \/>\nA\u00f1o:2024\/2025<br \/>\nEdici\u00f3n:Topps Total Football Box Office<br \/>\nNumeraci\u00f3n:8\/25<\/p>","protected":false},"featured_media":3518,"comment_status":"open","ping_status":"closed","template":"","meta":{"_uag_custom_page_level_css":"","site-sidebar-layout":"default","site-content-layout":"","ast-site-content-layout":"default","site-content-style":"default","site-sidebar-style":"default","ast-global-header-display":"","ast-banner-title-visibility":"","ast-main-header-display":"","ast-hfb-above-header-display":"","ast-hfb-below-header-display":"","ast-hfb-mobile-header-display":"","site-post-title":"","ast-breadcrumbs-content":"","ast-featured-img":"","footer-sml-layout":"","ast-disable-related-posts":"","theme-transparent-header-meta":"default","adv-header-id-meta":"","stick-header-meta":"","header-above-stick-meta":"","header-main-stick-meta":"","header-below-stick-meta":"","astra-migrate-meta-layouts":"set","ast-page-background-enabled":"default","ast-page-background-meta":{"desktop":{"background-color":"var(--ast-global-color-4)","background-image":"","background-repeat":"repeat","background-position":"center center","background-size":"auto","background-attachment":"scroll","background-type":"","background-media":"","overlay-type":"","overlay-color":"","overlay-opacity":"","overlay-gradient":""},"tablet":{"background-color":"","background-image":"","background-repeat":"repeat","background-position":"center center","background-size":"auto","background-attachment":"scroll","background-type":"","background-media":"","overlay-type":"","overlay-color":"","overlay-opacity":"","overlay-gradient":""},"mobile":{"background-color":"","background-image":"","background-repeat":"repeat","background-position":"center center","background-size":"auto","background-attachment":"scroll","background-type":"","background-media":"","overlay-type":"","overlay-color":"","overlay-opacity":"","overlay-gradient":""}},"ast-content-background-meta":{"desktop":{"background-color":"var(--ast-global-color-5)","background-image":"","background-repeat":"repeat","background-position":"center center","background-size":"auto","background-attachment":"scroll","background-type":"","background-media":"","overlay-type":"","overlay-color":"","overlay-opacity":"","overlay-gradient":""},"tablet":{"background-color":"var(--ast-global-color-5)","background-image":"","background-repeat":"repeat","background-position":"center center","background-size":"auto","background-attachment":"scroll","background-type":"","background-media":"","overlay-type":"","overlay-color":"","overlay-opacity":"","overlay-gradient":""},"mobile":{"background-color":"var(--ast-global-color-5)","background-image":"","background-repeat":"repeat","background-position":"center center","background-size":"auto","background-attachment":"scroll","background-type":"","background-media":"","overlay-type":"","overlay-color":"","overlay-opacity":"","overlay-gradient":""}}},"product_brand":[],"product_cat":[84],"product_tag":[110,152,112],"class_list":{"0":"post-3517","1":"product","2":"type-product","3":"status-publish","4":"has-post-thumbnail","6":"product_cat-futbol","7":"product_tag-futbol","8":"product_tag-inter-milan","9":"product_tag-tff","10":"pa_proveedor-stockh","11":"desktop-align-left","12":"tablet-align-left","13":"mobile-align-left","15":"first","16":"instock","17":"shipping-taxable","18":"purchasable","19":"product-type-simple"},"aioseo_notices":[],"uagb_featured_image_src":{"full":["https:\/\/scuzzcards.com\/wp-content\/uploads\/2026\/03\/WhatsApp-Image-2026-02-27-at-12.13.26.jpeg",1536,2048,false],"thumbnail":["https:\/\/scuzzcards.com\/wp-content\/uploads\/2026\/03\/WhatsApp-Image-2026-02-27-at-12.13.26-150x150.jpeg",150,150,true],"medium":["https:\/\/scuzzcards.com\/wp-content\/uploads\/2026\/03\/WhatsApp-Image-2026-02-27-at-12.13.26-225x300.jpeg",225,300,true],"medium_large":["https:\/\/scuzzcards.com\/wp-content\/uploads\/2026\/03\/WhatsApp-Image-2026-02-27-at-12.13.26-768x1024.jpeg",768,1024,true],"large":["https:\/\/scuzzcards.com\/wp-content\/uploads\/2026\/03\/WhatsApp-Image-2026-02-27-at-12.13.26-768x1024.jpeg",768,1024,true],"1536x1536":["https:\/\/scuzzcards.com\/wp-content\/uploads\/2026\/03\/WhatsApp-Image-2026-02-27-at-12.13.26-1152x1536.jpeg",1152,1536,true],"2048x2048":["https:\/\/scuzzcards.com\/wp-content\/uploads\/2026\/03\/WhatsApp-Image-2026-02-27-at-12.13.26.jpeg",1536,2048,false],"trp-custom-language-flag":["https:\/\/scuzzcards.com\/wp-content\/uploads\/2026\/03\/WhatsApp-Image-2026-02-27-at-12.13.26-9x12.jpeg",9,12,true],"menu-24x24":["https:\/\/scuzzcards.com\/wp-content\/uploads\/2026\/03\/WhatsApp-Image-2026-02-27-at-12.13.26-18x24.jpeg",18,24,true],"menu-36x36":["https:\/\/scuzzcards.com\/wp-content\/uploads\/2026\/03\/WhatsApp-Image-2026-02-27-at-12.13.26-27x36.jpeg",27,36,true],"menu-48x48":["https:\/\/scuzzcards.com\/wp-content\/uploads\/2026\/03\/WhatsApp-Image-2026-02-27-at-12.13.26-36x48.jpeg",36,48,true],"woocommerce_thumbnail":["https:\/\/scuzzcards.com\/wp-content\/uploads\/2026\/03\/WhatsApp-Image-2026-02-27-at-12.13.26-300x300.jpeg",300,300,true],"woocommerce_single":["https:\/\/scuzzcards.com\/wp-content\/uploads\/2026\/03\/WhatsApp-Image-2026-02-27-at-12.13.26-600x800.jpeg",600,800,true],"woocommerce_gallery_thumbnail":["https:\/\/scuzzcards.com\/wp-content\/uploads\/2026\/03\/WhatsApp-Image-2026-02-27-at-12.13.26-100x100.jpeg",100,100,true]},"uagb_author_info":{"display_name":"trt trt","author_link":"https:\/\/scuzzcards.com\/en\/author\/"},"uagb_comment_info":0,"uagb_excerpt":"Carta de Topps Total Football en su metacrilato en perfecto estado, del jugador Marcus Thuram en el Inter de Mil\u00e1n en la temporada 2024\/2025, solamente numerada a 8\/25 en su edici\u00f3n Box Office. Jugador:Marcus Thuram Club:Inter de Mil\u00e1n A\u00f1o:2024\/2025 Edici\u00f3n:Topps Total Football Box Office Numeraci\u00f3n:8\/25","_links":{"self":[{"href":"https:\/\/scuzzcards.com\/en\/wp-json\/wp\/v2\/product\/3517","targetHints":{"allow":["GET"]}}],"collection":[{"href":"https:\/\/scuzzcards.com\/en\/wp-json\/wp\/v2\/product"}],"about":[{"href":"https:\/\/scuzzcards.com\/en\/wp-json\/wp\/v2\/types\/product"}],"replies":[{"embeddable":true,"href":"https:\/\/scuzzcards.com\/en\/wp-json\/wp\/v2\/comments?post=3517"}],"wp:featuredmedia":[{"embeddable":true,"href":"https:\/\/scuzzcards.com\/en\/wp-json\/wp\/v2\/media\/3518"}],"wp:attachment":[{"href":"https:\/\/scuzzcards.com\/en\/wp-json\/wp\/v2\/media?parent=3517"}],"wp:term":[{"taxonomy":"product_brand","embeddable":true,"href":"https:\/\/scuzzcards.com\/en\/wp-json\/wp\/v2\/product_brand?post=3517"},{"taxonomy":"product_cat","embeddable":true,"href":"https:\/\/scuzzcards.com\/en\/wp-json\/wp\/v2\/product_cat?post=3517"},{"taxonomy":"product_tag","embeddable":true,"href":"https:\/\/scuzzcards.com\/en\/wp-json\/wp\/v2\/product_tag?post=3517"}],"curies":[{"name":"wp","href":"https:\/\/api.w.org\/{rel}","templated":true}]}}